{"id":2088,"date":"2022-09-06T00:31:24","date_gmt":"2022-09-06T00:31:24","guid":{"rendered":"https:\/\/zenmed.grafbaza.pl\/?page_id=2088"},"modified":"2025-07-07T13:35:19","modified_gmt":"2025-07-07T13:35:19","slug":"kontakt","status":"publish","type":"page","link":"https:\/\/zen-med.pl\/uk\/kontakt\/","title":{"rendered":"\u041a\u043e\u043d\u0442\u0430\u043a\u0442\u0438"},"content":{"rendered":"<div data-elementor-type=\"wp-page\" data-elementor-id=\"2088\" class=\"elementor elementor-2088\" data-elementor-post-type=\"page\">\n\t\t\t\t\t\t<section class=\"elementor-section elementor-top-section elementor-element elementor-element-698fa14 elementor-section-full_width elementor-section-stretched elementor-section-height-default elementor-section-height-default\" data-id=\"698fa14\" data-element_type=\"section\" data-e-type=\"section\" data-settings=\"{&quot;stretch_section&quot;:&quot;section-stretched&quot;,&quot;background_background&quot;:&quot;classic&quot;}\">\n\t\t\t\t\t\t<div class=\"elementor-container elementor-column-gap-default\">\n\t\t\t\t\t<div class=\"elementor-column elementor-col-100 elementor-top-column elementor-element elementor-element-294ed94\" data-id=\"294ed94\" data-element_type=\"column\" data-e-type=\"column\">\n\t\t\t<div class=\"elementor-widget-wrap\">\n\t\t\t\t\t\t\t<\/div>\n\t\t<\/div>\n\t\t\t\t\t<\/div>\n\t\t<\/section>\n\t\t\t\t<section class=\"elementor-section elementor-top-section elementor-element elementor-element-f91bcad elementor-section-boxed elementor-section-height-default elementor-section-height-default\" data-id=\"f91bcad\" data-element_type=\"section\" data-e-type=\"section\">\n\t\t\t\t\t\t<div class=\"elementor-container elementor-column-gap-default\">\n\t\t\t\t\t<div class=\"elementor-column elementor-col-50 elementor-top-column elementor-element elementor-element-2630a41\" data-id=\"2630a41\" data-element_type=\"column\" data-e-type=\"column\">\n\t\t\t<div class=\"elementor-widget-wrap elementor-element-populated\">\n\t\t\t\t\t\t<div class=\"elementor-element elementor-element-c6c99e9 elementor-widget elementor-widget-html\" data-id=\"c6c99e9\" data-element_type=\"widget\" data-e-type=\"widget\" data-widget_type=\"html.default\">\n\t\t\t\t<div class=\"elementor-widget-container\">\n\t\t\t\t\t<button\r\n    class=\"btn-mydr-pp\"\r\n    data-doctor=\"nataliacherkas\"\r\n    data-speciality=\"\"\r\n    data-visitkind=\"Prywatna\"\r\n    data-evisit=\"true\"\r\n    data-appname=\"drw\"\r\n    data-token=\"eyJhbGciOiJIUzI1NiIsInR5cCI6IkpXVCJ9.eyJmYWNpbGl0eV9pZCI6MjUyMjF9.m6LvIZzzM24FKllc2lb6Jgi5cv7z-lU5qmp9JEM6xDA\"\r\n>\r\n<\/button>\t\t\t\t<\/div>\n\t\t\t\t<\/div>\n\t\t\t\t<div class=\"elementor-element elementor-element-ce93099 elementor-widget elementor-widget-heading\" data-id=\"ce93099\" data-element_type=\"widget\" data-e-type=\"widget\" data-widget_type=\"heading.default\">\n\t\t\t\t<div class=\"elementor-widget-container\">\n\t\t\t\t\t<h2 class=\"elementor-heading-title elementor-size-default\">Koszalin<\/h2>\t\t\t\t<\/div>\n\t\t\t\t<\/div>\n\t\t\t\t<div class=\"elementor-element elementor-element-2d41cd9 elementor-widget elementor-widget-heading\" data-id=\"2d41cd9\" data-element_type=\"widget\" data-e-type=\"widget\" data-widget_type=\"heading.default\">\n\t\t\t\t<div class=\"elementor-widget-container\">\n\t\t\t\t\t<h2 class=\"elementor-heading-title elementor-size-default\">ul. Lechicka 9\/1\n<\/h2>\t\t\t\t<\/div>\n\t\t\t\t<\/div>\n\t\t\t\t<div class=\"elementor-element elementor-element-0d32b08 elementor-widget elementor-widget-heading\" data-id=\"0d32b08\" data-element_type=\"widget\" data-e-type=\"widget\" data-widget_type=\"heading.default\">\n\t\t\t\t<div class=\"elementor-widget-container\">\n\t\t\t\t\t<h2 class=\"elementor-heading-title elementor-size-default\">94 316 48 22<\/h2>\t\t\t\t<\/div>\n\t\t\t\t<\/div>\n\t\t\t\t<div class=\"elementor-element elementor-element-bb298e6 elementor-widget elementor-widget-heading\" data-id=\"bb298e6\" data-element_type=\"widget\" data-e-type=\"widget\" data-widget_type=\"heading.default\">\n\t\t\t\t<div class=\"elementor-widget-container\">\n\t\t\t\t\t<h2 class=\"elementor-heading-title elementor-size-default\">pn. \u2013 pt.  8:00 \u2013 17:00<br>\n<\/h2>\t\t\t\t<\/div>\n\t\t\t\t<\/div>\n\t\t\t\t\t<\/div>\n\t\t<\/div>\n\t\t\t\t<div class=\"elementor-column elementor-col-50 elementor-top-column elementor-element elementor-element-bde5266\" data-id=\"bde5266\" data-element_type=\"column\" data-e-type=\"column\">\n\t\t\t<div class=\"elementor-widget-wrap elementor-element-populated\">\n\t\t\t\t\t\t<div class=\"elementor-element elementor-element-f5dbb59 elementor-widget elementor-widget-heading\" data-id=\"f5dbb59\" data-element_type=\"widget\" data-e-type=\"widget\" data-widget_type=\"heading.default\">\n\t\t\t\t<div class=\"elementor-widget-container\">\n\t\t\t\t\t<h2 class=\"elementor-heading-title elementor-size-default\">Napisz do nas!<\/h2>\t\t\t\t<\/div>\n\t\t\t\t<\/div>\n\t\t\t\t<div class=\"elementor-element elementor-element-bf17391 elementor-widget elementor-widget-shortcode\" data-id=\"bf17391\" data-element_type=\"widget\" data-e-type=\"widget\" data-widget_type=\"shortcode.default\">\n\t\t\t\t<div class=\"elementor-widget-container\">\n\t\t\t\t\t\t\t<div class=\"elementor-shortcode\">\n<div class=\"wpcf7 no-js\" id=\"wpcf7-f2039-o1\" lang=\"en-US\" dir=\"ltr\" data-wpcf7-id=\"2039\">\n<div class=\"screen-reader-response\"><p role=\"status\" aria-live=\"polite\" aria-atomic=\"true\"><\/p> <ul><\/ul><\/div>\n<form action=\"\/uk\/wp-json\/wp\/v2\/pages\/2088#wpcf7-f2039-o1\" method=\"post\" class=\"wpcf7-form init\" aria-label=\"Contact form\" novalidate=\"novalidate\" data-status=\"init\" data-trp-original-action=\"\/uk\/wp-json\/wp\/v2\/pages\/2088#wpcf7-f2039-o1\">\n<fieldset class=\"hidden-fields-container\"><input type=\"hidden\" name=\"_wpcf7\" value=\"2039\" \/><input type=\"hidden\" name=\"_wpcf7_version\" value=\"6.1.5\" \/><input type=\"hidden\" name=\"_wpcf7_locale\" value=\"en_US\" \/><input type=\"hidden\" name=\"_wpcf7_unit_tag\" value=\"wpcf7-f2039-o1\" \/><input type=\"hidden\" name=\"_wpcf7_container_post\" value=\"0\" \/><input type=\"hidden\" name=\"_wpcf7_posted_data_hash\" value=\"\" \/>\n<\/fieldset>\n<p><label> Twoje imi\u0119<br \/>\n<span class=\"wpcf7-form-control-wrap\" data-name=\"your-name\"><input size=\"40\" maxlength=\"400\" class=\"wpcf7-form-control wpcf7-text wpcf7-validates-as-required\" aria-required=\"true\" aria-invalid=\"false\" value=\"\" type=\"text\" name=\"your-name\" \/><\/span><br \/>\n<\/label>\n<\/p>\n<p><label> Tw\u00f3j adres e-mail<br \/>\n<span class=\"wpcf7-form-control-wrap\" data-name=\"your-email\"><input size=\"40\" maxlength=\"400\" class=\"wpcf7-form-control wpcf7-email wpcf7-validates-as-required wpcf7-text wpcf7-validates-as-email\" aria-required=\"true\" aria-invalid=\"false\" value=\"\" type=\"email\" name=\"your-email\" \/><\/span><br \/>\n<\/label>\n<\/p>\n<p><label> Tw\u00f3j telefon<br \/>\n<span class=\"wpcf7-form-control-wrap\" data-name=\"your-telephone\"><input size=\"40\" maxlength=\"400\" class=\"wpcf7-form-control wpcf7-tel wpcf7-validates-as-required wpcf7-text wpcf7-validates-as-tel\" aria-required=\"true\" aria-invalid=\"false\" value=\"\" type=\"tel\" name=\"your-telephone\" \/><\/span><br \/>\n<\/label>\n<\/p>\n<p><label> Temat<br \/>\n<span class=\"wpcf7-form-control-wrap\" data-name=\"your-subject\"><input size=\"40\" maxlength=\"400\" class=\"wpcf7-form-control wpcf7-text wpcf7-validates-as-required\" aria-required=\"true\" aria-invalid=\"false\" value=\"\" type=\"text\" name=\"your-subject\" \/><\/span><br \/>\n<\/label>\n<\/p>\n<p><label> Wiadomo\u015b\u0107<br \/>\n<span class=\"wpcf7-form-control-wrap\" data-name=\"your-message\"><textarea cols=\"40\" rows=\"10\" maxlength=\"2000\" class=\"wpcf7-form-control wpcf7-textarea\" aria-invalid=\"false\" name=\"your-message\"><\/textarea><\/span><br \/>\n<\/label>\n<\/p>\n<p><input class=\"wpcf7-form-control wpcf7-submit has-spinner\" type=\"submit\" value=\"Wy\u015blij\" \/>\n<\/p><div class=\"wpcf7-response-output\" aria-hidden=\"true\"><\/div>\n<input type=\"hidden\" name=\"trp-form-language\" value=\"uk\"\/><\/form>\n<\/div>\n<\/div>\n\t\t\t\t\t\t<\/div>\n\t\t\t\t<\/div>\n\t\t\t\t\t<\/div>\n\t\t<\/div>\n\t\t\t\t\t<\/div>\n\t\t<\/section>\n\t\t\t\t<\/div>","protected":false},"excerpt":{"rendered":"<p>Koszalin ul. Lechicka 9\/1 94 316 48 22 pn. [&hellip;]<\/p>\n","protected":false},"author":1,"featured_media":0,"parent":0,"menu_order":0,"comment_status":"closed","ping_status":"closed","template":"elementor_header_footer","meta":{"_monsterinsights_skip_tracking":false,"_monsterinsights_sitenote_active":false,"_monsterinsights_sitenote_note":"","_monsterinsights_sitenote_category":0,"footnotes":""},"class_list":["post-2088","page","type-page","status-publish","hentry"],"yoast_head":"<!-- This site is optimized with the Yoast SEO plugin v26.9 - https:\/\/yoast.com\/product\/yoast-seo-wordpress\/ -->\n<title>Kontakt ZEN MED Okulista Koszalin<\/title>\n<meta name=\"description\" content=\"Um\u00f3wi wizyt\u0119 online, telefonicznie lub odwied\u017a nas osobi\u015bcie ! Zapraszamy!\" \/>\n<meta name=\"robots\" content=\"index, follow, max-snippet:-1, max-image-preview:large, max-video-preview:-1\" \/>\n<link rel=\"canonical\" href=\"https:\/\/zen-med.pl\/uk\/kontakt\/\" \/>\n<meta property=\"og:locale\" content=\"uk_UA\" \/>\n<meta property=\"og:type\" content=\"article\" \/>\n<meta property=\"og:title\" content=\"Kontakt ZEN MED Okulista Koszalin\" \/>\n<meta property=\"og:description\" content=\"Um\u00f3wi wizyt\u0119 online, telefonicznie lub odwied\u017a nas osobi\u015bcie ! Zapraszamy!\" \/>\n<meta property=\"og:url\" content=\"https:\/\/zen-med.pl\/uk\/kontakt\/\" \/>\n<meta property=\"article:publisher\" content=\"https:\/\/www.facebook.com\/zenmedkoszalin\" \/>\n<meta property=\"article:modified_time\" content=\"2025-07-07T13:35:19+00:00\" \/>\n<meta name=\"twitter:card\" content=\"summary_large_image\" \/>\n<meta name=\"twitter:label1\" content=\"\u041f\u0440\u0438\u0431\u043b. \u0447\u0430\u0441 \u0447\u0438\u0442\u0430\u043d\u043d\u044f\" \/>\n\t<meta name=\"twitter:data1\" content=\"1 \u0445\u0432\u0438\u043b\u0438\u043d\u0430\" \/>\n<script type=\"application\/ld+json\" class=\"yoast-schema-graph\">{\"@context\":\"https:\/\/schema.org\",\"@graph\":[{\"@type\":\"WebPage\",\"@id\":\"https:\/\/zen-med.pl\/kontakt\/\",\"url\":\"https:\/\/zen-med.pl\/kontakt\/\",\"name\":\"Kontakt ZEN MED Okulista Koszalin\",\"isPartOf\":{\"@id\":\"https:\/\/zen-med.pl\/#website\"},\"datePublished\":\"2022-09-06T00:31:24+00:00\",\"dateModified\":\"2025-07-07T13:35:19+00:00\",\"description\":\"Um\u00f3wi wizyt\u0119 online, telefonicznie lub odwied\u017a nas osobi\u015bcie ! Zapraszamy!\",\"breadcrumb\":{\"@id\":\"https:\/\/zen-med.pl\/kontakt\/#breadcrumb\"},\"inLanguage\":\"uk\",\"potentialAction\":[{\"@type\":\"ReadAction\",\"target\":[\"https:\/\/zen-med.pl\/kontakt\/\"]}]},{\"@type\":\"BreadcrumbList\",\"@id\":\"https:\/\/zen-med.pl\/kontakt\/#breadcrumb\",\"itemListElement\":[{\"@type\":\"ListItem\",\"position\":1,\"name\":\"Strona g\u0142\u00f3wna\",\"item\":\"https:\/\/zen-med.pl\/\"},{\"@type\":\"ListItem\",\"position\":2,\"name\":\"Kontakt\"}]},{\"@type\":\"WebSite\",\"@id\":\"https:\/\/zen-med.pl\/#website\",\"url\":\"https:\/\/zen-med.pl\/\",\"name\":\"\",\"description\":\"\",\"publisher\":{\"@id\":\"https:\/\/zen-med.pl\/#organization\"},\"potentialAction\":[{\"@type\":\"SearchAction\",\"target\":{\"@type\":\"EntryPoint\",\"urlTemplate\":\"https:\/\/zen-med.pl\/?s={search_term_string}\"},\"query-input\":{\"@type\":\"PropertyValueSpecification\",\"valueRequired\":true,\"valueName\":\"search_term_string\"}}],\"inLanguage\":\"uk\"},{\"@type\":\"Organization\",\"@id\":\"https:\/\/zen-med.pl\/#organization\",\"name\":\"Zen-Med\",\"url\":\"https:\/\/zen-med.pl\/\",\"logo\":{\"@type\":\"ImageObject\",\"inLanguage\":\"uk\",\"@id\":\"https:\/\/zen-med.pl\/#\/schema\/logo\/image\/\",\"url\":\"https:\/\/zen-med.pl\/wp-content\/uploads\/2022\/09\/logo-w-bg.png\",\"contentUrl\":\"https:\/\/zen-med.pl\/wp-content\/uploads\/2022\/09\/logo-w-bg.png\",\"width\":108,\"height\":44,\"caption\":\"Zen-Med\"},\"image\":{\"@id\":\"https:\/\/zen-med.pl\/#\/schema\/logo\/image\/\"},\"sameAs\":[\"https:\/\/www.facebook.com\/zenmedkoszalin\"]}]}<\/script>\n<!-- \/ Yoast SEO plugin. -->","yoast_head_json":{"title":"Kontakt ZEN MED Okulista Koszalin","description":"Um\u00f3wi wizyt\u0119 online, telefonicznie lub odwied\u017a nas osobi\u015bcie ! Zapraszamy!","robots":{"index":"index","follow":"follow","max-snippet":"max-snippet:-1","max-image-preview":"max-image-preview:large","max-video-preview":"max-video-preview:-1"},"canonical":"https:\/\/zen-med.pl\/uk\/kontakt\/","og_locale":"uk_UA","og_type":"article","og_title":"Kontakt ZEN MED Okulista Koszalin","og_description":"Um\u00f3wi wizyt\u0119 online, telefonicznie lub odwied\u017a nas osobi\u015bcie ! Zapraszamy!","og_url":"https:\/\/zen-med.pl\/uk\/kontakt\/","article_publisher":"https:\/\/www.facebook.com\/zenmedkoszalin","article_modified_time":"2025-07-07T13:35:19+00:00","twitter_card":"summary_large_image","twitter_misc":{"\u041f\u0440\u0438\u0431\u043b. \u0447\u0430\u0441 \u0447\u0438\u0442\u0430\u043d\u043d\u044f":"1 \u0445\u0432\u0438\u043b\u0438\u043d\u0430"},"schema":{"@context":"https:\/\/schema.org","@graph":[{"@type":"WebPage","@id":"https:\/\/zen-med.pl\/kontakt\/","url":"https:\/\/zen-med.pl\/kontakt\/","name":"Kontakt ZEN MED Okulista Koszalin","isPartOf":{"@id":"https:\/\/zen-med.pl\/#website"},"datePublished":"2022-09-06T00:31:24+00:00","dateModified":"2025-07-07T13:35:19+00:00","description":"Um\u00f3wi wizyt\u0119 online, telefonicznie lub odwied\u017a nas osobi\u015bcie ! Zapraszamy!","breadcrumb":{"@id":"https:\/\/zen-med.pl\/kontakt\/#breadcrumb"},"inLanguage":"uk","potentialAction":[{"@type":"ReadAction","target":["https:\/\/zen-med.pl\/kontakt\/"]}]},{"@type":"BreadcrumbList","@id":"https:\/\/zen-med.pl\/kontakt\/#breadcrumb","itemListElement":[{"@type":"ListItem","position":1,"name":"Strona g\u0142\u00f3wna","item":"https:\/\/zen-med.pl\/"},{"@type":"ListItem","position":2,"name":"Kontakt"}]},{"@type":"WebSite","@id":"https:\/\/zen-med.pl\/#website","url":"https:\/\/zen-med.pl\/","name":"","description":"","publisher":{"@id":"https:\/\/zen-med.pl\/#organization"},"potentialAction":[{"@type":"SearchAction","target":{"@type":"EntryPoint","urlTemplate":"https:\/\/zen-med.pl\/?s={search_term_string}"},"query-input":{"@type":"PropertyValueSpecification","valueRequired":true,"valueName":"search_term_string"}}],"inLanguage":"uk"},{"@type":"Organization","@id":"https:\/\/zen-med.pl\/#organization","name":"Zen-Med","url":"https:\/\/zen-med.pl\/","logo":{"@type":"ImageObject","inLanguage":"uk","@id":"https:\/\/zen-med.pl\/#\/schema\/logo\/image\/","url":"https:\/\/zen-med.pl\/wp-content\/uploads\/2022\/09\/logo-w-bg.png","contentUrl":"https:\/\/zen-med.pl\/wp-content\/uploads\/2022\/09\/logo-w-bg.png","width":108,"height":44,"caption":"Zen-Med"},"image":{"@id":"https:\/\/zen-med.pl\/#\/schema\/logo\/image\/"},"sameAs":["https:\/\/www.facebook.com\/zenmedkoszalin"]}]}},"_links":{"self":[{"href":"https:\/\/zen-med.pl\/uk\/wp-json\/wp\/v2\/pages\/2088","targetHints":{"allow":["GET"]}}],"collection":[{"href":"https:\/\/zen-med.pl\/uk\/wp-json\/wp\/v2\/pages"}],"about":[{"href":"https:\/\/zen-med.pl\/uk\/wp-json\/wp\/v2\/types\/page"}],"author":[{"embeddable":true,"href":"https:\/\/zen-med.pl\/uk\/wp-json\/wp\/v2\/users\/1"}],"replies":[{"embeddable":true,"href":"https:\/\/zen-med.pl\/uk\/wp-json\/wp\/v2\/comments?post=2088"}],"version-history":[{"count":54,"href":"https:\/\/zen-med.pl\/uk\/wp-json\/wp\/v2\/pages\/2088\/revisions"}],"predecessor-version":[{"id":4050,"href":"https:\/\/zen-med.pl\/uk\/wp-json\/wp\/v2\/pages\/2088\/revisions\/4050"}],"wp:attachment":[{"href":"https:\/\/zen-med.pl\/uk\/wp-json\/wp\/v2\/media?parent=2088"}],"curies":[{"name":"wp","href":"https:\/\/api.w.org\/{rel}","templated":true}]}}